{"id":2828,"date":"2017-05-09T11:05:41","date_gmt":"2017-05-09T09:05:41","guid":{"rendered":"http:\/\/projektymiastostrada.pl\/mafsoft\/?page_id=2828"},"modified":"2024-01-16T14:41:48","modified_gmt":"2024-01-16T13:41:48","slug":"uslugi","status":"publish","type":"page","link":"http:\/\/mafsoft.pl\/index.php\/oferta\/uslugi\/","title":{"rendered":"Us\u0142ugi"},"content":{"rendered":"<div id=\"pl-2828\"  class=\"panel-layout\" ><div id=\"pg-2828-0\"  class=\"panel-grid panel-has-style\" ><div class=\"panel-row-style panel-row-style-for-2828-0\" ><div id=\"pgc-2828-0-0\"  class=\"panel-grid-cell\" ><div id=\"panel-2828-0-0-0\" class=\"so-panel widget widget_sow-image panel-first-child\" data-index=\"0\" ><div\n\t\t\t\n\t\t\tclass=\"so-widget-sow-image so-widget-sow-image-default-dbf295114b96-2828\"\n\t\t\t\n\t\t>\n\n<div class=\"sow-image-container\">\n\t\t<img loading=\"lazy\" decoding=\"async\" src=\"http:\/\/mafsoft.pl\/wp-content\/uploads\/2017\/05\/wdrozenia.jpg\" width=\"318\" height=\"115\" srcset=\"http:\/\/mafsoft.pl\/wp-content\/uploads\/2017\/05\/wdrozenia.jpg 318w, http:\/\/mafsoft.pl\/wp-content\/uploads\/2017\/05\/wdrozenia-300x108.jpg 300w\" sizes=\"(max-width: 318px) 100vw, 318px\" alt=\"\" \t\tclass=\"so-widget-image\"\/>\n\t<\/div>\n\n<\/div><\/div><div id=\"panel-2828-0-0-1\" class=\"so-panel widget widget_sow-editor panel-last-child\" data-index=\"1\" ><div class=\"panel-widget-style panel-widget-style-for-2828-0-0-1\" ><div\n\t\t\t\n\t\t\tclass=\"so-widget-sow-editor so-widget-sow-editor-base\"\n\t\t\t\n\t\t>\n<div class=\"siteorigin-widget-tinymce textwidget\">\n\t<h4><span style=\"color: #008ad2;\">Wdro\u017cenia<\/span><\/h4>\n<p>Wdra\u017camy systemy informatyczne wspomagaj\u0105ce prowadzenie firmy oraz systemy w sektorze gastronomiczno-hotelarskim . Specjalizujemy si\u0119 w obs\u0142udze ma\u0142ych i \u015brednich przedsi\u0119biorstw. Oferujemy Pa\u0144stwu bogaty wachlarz ekspert\u00f3w IT o wci\u0105\u017c poszerzanych kwalifikacjach. Co jednak najistotniejsze - dopasowanie oferty do Pa\u0144stwa potrzeb. Zapewnimy r\u00f3wnie\u017c us\u0142ugi informatyczne wspieraj\u0105ce p\u00f3\u017aniejsze dzia\u0142anie wdro\u017conego systemu informatycznego.<\/p>\n<\/div>\n<\/div><\/div><\/div><\/div><div id=\"pgc-2828-0-1\"  class=\"panel-grid-cell\" ><div id=\"panel-2828-0-1-0\" class=\"so-panel widget widget_sow-image panel-first-child\" data-index=\"2\" ><div\n\t\t\t\n\t\t\tclass=\"so-widget-sow-image so-widget-sow-image-default-5a15e9a440fc-2828\"\n\t\t\t\n\t\t>\n\n<div class=\"sow-image-container\">\n\t\t<img loading=\"lazy\" decoding=\"async\" src=\"http:\/\/mafsoft.pl\/wp-content\/uploads\/2017\/05\/ge5b4470196ba82637e2dd321117c2b6aa3abd11401da4b3fc55e7f2d09dd9c6bd3d44ffbbdad749fb73b79002b4fd7cf_1920.jpg\" width=\"600\" height=\"215\" srcset=\"http:\/\/mafsoft.pl\/wp-content\/uploads\/2017\/05\/ge5b4470196ba82637e2dd321117c2b6aa3abd11401da4b3fc55e7f2d09dd9c6bd3d44ffbbdad749fb73b79002b4fd7cf_1920.jpg 1920w, http:\/\/mafsoft.pl\/wp-content\/uploads\/2017\/05\/ge5b4470196ba82637e2dd321117c2b6aa3abd11401da4b3fc55e7f2d09dd9c6bd3d44ffbbdad749fb73b79002b4fd7cf_1920-300x180.jpg 300w, http:\/\/mafsoft.pl\/wp-content\/uploads\/2017\/05\/ge5b4470196ba82637e2dd321117c2b6aa3abd11401da4b3fc55e7f2d09dd9c6bd3d44ffbbdad749fb73b79002b4fd7cf_1920-1024x614.jpg 1024w, http:\/\/mafsoft.pl\/wp-content\/uploads\/2017\/05\/ge5b4470196ba82637e2dd321117c2b6aa3abd11401da4b3fc55e7f2d09dd9c6bd3d44ffbbdad749fb73b79002b4fd7cf_1920-768x461.jpg 768w, http:\/\/mafsoft.pl\/wp-content\/uploads\/2017\/05\/ge5b4470196ba82637e2dd321117c2b6aa3abd11401da4b3fc55e7f2d09dd9c6bd3d44ffbbdad749fb73b79002b4fd7cf_1920-1536x922.jpg 1536w, http:\/\/mafsoft.pl\/wp-content\/uploads\/2017\/05\/ge5b4470196ba82637e2dd321117c2b6aa3abd11401da4b3fc55e7f2d09dd9c6bd3d44ffbbdad749fb73b79002b4fd7cf_1920-555x333.jpg 555w\" sizes=\"(max-width: 358px) 100vw, 358px\" style=\"width: 600px; height: 215px;\" alt=\"\" \t\tclass=\"so-widget-image\"\/>\n\t<\/div>\n\n<\/div><\/div><div id=\"panel-2828-0-1-1\" class=\"so-panel widget widget_sow-editor panel-last-child\" data-index=\"3\" ><div class=\"panel-widget-style panel-widget-style-for-2828-0-1-1\" ><div\n\t\t\t\n\t\t\tclass=\"so-widget-sow-editor so-widget-sow-editor-base\"\n\t\t\t\n\t\t>\n<div class=\"siteorigin-widget-tinymce textwidget\">\n\t<h4><span style=\"color: #008ad2;\">Integracje System\u00f3w<\/span><\/h4>\n<p>Integracje System\u00f3w: Efektywne Po\u0142\u0105czenia dla Rozwoju Twojego Biznesu<br \/>\nW dzisiejszym dynamicznym \u015brodowisku biznesowym, skuteczna komunikacja i wsp\u00f3\u0142praca mi\u0119dzy r\u00f3\u017cnymi systemami s\u0105 kluczowe dla osi\u0105gni\u0119cia sukcesu. Nasza us\u0142uga \"Integracje System\u00f3w\" zosta\u0142a stworzona po to, aby upro\u015bci\u0107 i usprawni\u0107 operacje Twojej firmy poprzez skuteczne po\u0142\u0105czenie r\u00f3\u017cnych element\u00f3w infrastruktury IT.<\/p>\n<p>Dlaczego Integracje System\u00f3w s\u0105 Wa\u017cne?<br \/>\n1. Optymalizacja Proces\u00f3w: Integracje System\u00f3w pozwalaj\u0105 na automatyzacj\u0119 wielu proces\u00f3w wewn\u0105trz firmy, eliminuj\u0105c konieczno\u015b\u0107 r\u0119cznego przesy\u0142ania danych mi\u0119dzy r\u00f3\u017cnymi systemami. To skuteczne narz\u0119dzie do zwi\u0119kszenia efektywno\u015bci operacyjnej.<\/p>\n<p>2. Zwi\u0119kszenie Dost\u0119pno\u015bci Informacji: Dzi\u0119ki integracjom, informacje s\u0105 dost\u0119pne w czasie rzeczywistym, co umo\u017cliwia szybsze podejmowanie decyzji opartych na aktualnych danych. To kluczowe dla osi\u0105gni\u0119cia przewagi konkurencyjnej.<\/p>\n<p>3. Poprawa Precyzji Danych: Unikaj b\u0142\u0119d\u00f3w zwi\u0105zanych z r\u0119cznym wprowadzaniem danych poprzez integracj\u0119 system\u00f3w, co eliminuje ryzyko ludzkich pomy\u0142ek i zapewnia dok\u0142adno\u015b\u0107 informacji.<\/p>\n<p>Nasza Oferta Integracji System\u00f3w<br \/>\n1. Analiza i Projektowanie<br \/>\nRozpoczynamy od gruntownej analizy Twoich obecnych system\u00f3w, proces\u00f3w biznesowych i cel\u00f3w. Nast\u0119pnie projektujemy spersonalizowane rozwi\u0105zania integracyjne, dostosowane do Twoich unikalnych potrzeb.<\/p>\n<p>2. Implementacja i Testowanie<br \/>\nNasi do\u015bwiadczeni specjali\u015bci ds. integracji pracuj\u0105 nad skuteczn\u0105 implementacj\u0105 rozwi\u0105za\u0144, minimalizuj\u0105c zak\u0142\u00f3cenia w bie\u017c\u0105cej pracy firmy. Przeprowadzamy tak\u017ce kompleksowe testy, aby upewni\u0107 si\u0119, \u017ce wszystko dzia\u0142a zgodnie z oczekiwaniami.<\/p>\n<p>3. Wsparcie i Utrzymanie<br \/>\nNasza rola nie ko\u0144czy si\u0119 po zako\u0144czeniu projektu. Oferujemy ci\u0105g\u0142e wsparcie techniczne oraz utrzymanie integracji, aby zagwarantowa\u0107 p\u0142ynne i bezproblemowe funkcjonowanie Twoich system\u00f3w.<\/p>\n<p>Skorzystaj z Naszej Wiedzy i Do\u015bwiadczenia<br \/>\nZaufaj nam, je\u015bli chodzi o integracje system\u00f3w. Dzi\u0119ki naszemu podej\u015bciu skoncentrowanemu na klientach, dba\u0142o\u015bci o detale oraz do\u015bwiadczeniu w bran\u017cy, jeste\u015bmy gotowi dostarczy\u0107 rozwi\u0105zania, kt\u00f3re przyspiesz\u0105 rozw\u00f3j Twojego biznesu. Skontaktuj si\u0119 z nami ju\u017c dzi\u015b, aby om\u00f3wi\u0107, jak mo\u017cemy pom\u00f3c w usprawnieniu funkcjonowania Twojej firmy poprzez inteligentne integracje system\u00f3w.<\/p>\n<\/div>\n<\/div><\/div><\/div><\/div><\/div><\/div><\/div>","protected":false},"excerpt":{"rendered":"<p>Wdro\u017cenia Wdra\u017camy systemy informatyczne wspomagaj\u0105ce prowadzenie firmy oraz systemy w sektorze gastronomiczno-hotelarskim . Specjalizujemy si\u0119 w obs\u0142udze ma\u0142ych i \u015brednich przedsi\u0119biorstw. Oferujemy Pa\u0144stwu bogaty wachlarz ekspert\u00f3w IT o wci\u0105\u017c poszerzanych kwalifikacjach. Co jednak najistotniejsze &#8211; dopasowanie oferty do Pa\u0144stwa potrzeb. Zapewnimy r\u00f3wnie\u017c us\u0142ugi informatyczne wspieraj\u0105ce p\u00f3\u017aniejsze dzia\u0142anie wdro\u017conego systemu informatycznego. Integracje System\u00f3w Integracje System\u00f3w: Efektywne &hellip;<\/p>\n","protected":false},"author":1,"featured_media":0,"parent":329,"menu_order":0,"comment_status":"closed","ping_status":"closed","template":"template-builder-page.php","meta":{"footnotes":""},"class_list":["post-2828","page","type-page","status-publish","hentry"],"_links":{"self":[{"href":"http:\/\/mafsoft.pl\/index.php\/wp-json\/wp\/v2\/pages\/2828"}],"collection":[{"href":"http:\/\/mafsoft.pl\/index.php\/wp-json\/wp\/v2\/pages"}],"about":[{"href":"http:\/\/mafsoft.pl\/index.php\/wp-json\/wp\/v2\/types\/page"}],"author":[{"embeddable":true,"href":"http:\/\/mafsoft.pl\/index.php\/wp-json\/wp\/v2\/users\/1"}],"replies":[{"embeddable":true,"href":"http:\/\/mafsoft.pl\/index.php\/wp-json\/wp\/v2\/comments?post=2828"}],"version-history":[{"count":19,"href":"http:\/\/mafsoft.pl\/index.php\/wp-json\/wp\/v2\/pages\/2828\/revisions"}],"predecessor-version":[{"id":3173,"href":"http:\/\/mafsoft.pl\/index.php\/wp-json\/wp\/v2\/pages\/2828\/revisions\/3173"}],"up":[{"embeddable":true,"href":"http:\/\/mafsoft.pl\/index.php\/wp-json\/wp\/v2\/pages\/329"}],"wp:attachment":[{"href":"http:\/\/mafsoft.pl\/index.php\/wp-json\/wp\/v2\/media?parent=2828"}],"curies":[{"name":"wp","href":"https:\/\/api.w.org\/{rel}","templated":true}]}}