{"id":327,"date":"2017-04-28T14:33:19","date_gmt":"2017-04-28T12:33:19","guid":{"rendered":"http:\/\/projektymiastostrada.pl\/mafsoft\/?page_id=327"},"modified":"2017-05-25T10:36:31","modified_gmt":"2017-05-25T08:36:31","slug":"o-firmie","status":"publish","type":"page","link":"http:\/\/mafsoft.pl\/index.php\/o-firmie\/","title":{"rendered":"O firmie"},"content":{"rendered":"<div id=\"pl-327\"  class=\"panel-layout\" ><div id=\"pg-327-0\"  class=\"panel-grid panel-has-style\" ><div class=\"panel-row-style panel-row-style-for-327-0\" ><div id=\"pgc-327-0-0\"  class=\"panel-grid-cell\" ><div class=\"o-firmie panel-cell-style panel-cell-style-for-327-0-0\" ><div id=\"panel-327-0-0-0\" class=\"so-panel widget widget_sow-editor panel-first-child panel-last-child\" data-index=\"0\" ><div\n\t\t\t\n\t\t\tclass=\"so-widget-sow-editor so-widget-sow-editor-base\"\n\t\t\t\n\t\t>\n<div class=\"siteorigin-widget-tinymce textwidget\">\n\t<p>Firma MAFSOFT dzia\u0142a w sektorze IT od 2005 roku. Jest odpowiedzi\u0105 na rosn\u0105ce zapotrzebowanie profesjonalnych us\u0142ug informatycznych w przyst\u0119pnych cenach. Atutem naszej firmy jest pe\u0142en profesjonalizm w realizacji projekt\u00f3w informatycznych, jak r\u00f3wnie\u017c dost\u0119pno\u015b\u0107 i mobilno\u015b\u0107 naszych konsultant\u00f3w. Wieloletnia znajomo\u015b\u0107 bran\u017cy oraz bogate do\u015bwiadczenie pozwalaj\u0105 nam na idealne dopasowanie system\u00f3w informatycznych do potrzeb klienta. Nasi pracownicy uczestniczyli w realizacji najwi\u0119kszych projekt\u00f3w informatycznych zar\u00f3wno w sektorze gastronomiczno-hotelarskim jak i w sektorze du\u017cych przedsi\u0119biorstw handlowo-produkcyjnych w Polsce. Posiadamy bogate do\u015bwiadczenie z zakresu:\u00a0\u00a0\u00a0\u00a0\u00a0 \u00a0<\/p>\n<ul>\n<li>wdro\u017ce\u0144 system\u00f3w gastronomiczno hotelarskich,<\/li>\n<li>kasy fiskalne i terminale p\u0142atnicze,<\/li>\n<li>wdro\u017ce\u0144 system\u00f3w klasy ERP,<\/li>\n<li>wdro\u017ce\u0144 system\u00f3w RCP,<\/li>\n<li>instalacji telewizji przemys\u0142owej CTTV,<\/li>\n<li>doradztwa i consultingu<\/li>\n<\/ul>\n<\/div>\n<\/div><\/div><\/div><\/div><div id=\"pgc-327-0-1\"  class=\"panel-grid-cell\" ><div class=\"o-firmie panel-cell-style panel-cell-style-for-327-0-1\" ><div id=\"panel-327-0-1-0\" class=\"so-panel widget widget_sow-image panel-first-child panel-last-child\" data-index=\"1\" ><div\n\t\t\t\n\t\t\tclass=\"so-widget-sow-image so-widget-sow-image-default-a258e6bfa2d8-327\"\n\t\t\t\n\t\t>\n\n<div class=\"sow-image-container\">\n\t\t<img loading=\"lazy\" decoding=\"async\" src=\"http:\/\/mafsoft.pl\/wp-content\/uploads\/2017\/04\/o-firmie.jpg\" width=\"1719\" height=\"1106\" srcset=\"http:\/\/mafsoft.pl\/wp-content\/uploads\/2017\/04\/o-firmie.jpg 1719w, http:\/\/mafsoft.pl\/wp-content\/uploads\/2017\/04\/o-firmie-300x193.jpg 300w, http:\/\/mafsoft.pl\/wp-content\/uploads\/2017\/04\/o-firmie-768x494.jpg 768w, http:\/\/mafsoft.pl\/wp-content\/uploads\/2017\/04\/o-firmie-1024x659.jpg 1024w, http:\/\/mafsoft.pl\/wp-content\/uploads\/2017\/04\/o-firmie-555x357.jpg 555w\" sizes=\"(max-width: 1719px) 100vw, 1719px\" title=\"Business People Diverse Brainstorm Business Meeting Concept\" alt=\"\" \t\tclass=\"so-widget-image\"\/>\n\t<\/div>\n\n<\/div><\/div><\/div><\/div><\/div><\/div><\/div>","protected":false},"excerpt":{"rendered":"<p>Firma MAFSOFT dzia\u0142a w sektorze IT od 2005 roku. Jest odpowiedzi\u0105 na rosn\u0105ce zapotrzebowanie profesjonalnych us\u0142ug informatycznych w przyst\u0119pnych cenach. Atutem naszej firmy jest pe\u0142en profesjonalizm w realizacji projekt\u00f3w informatycznych, jak r\u00f3wnie\u017c dost\u0119pno\u015b\u0107 i mobilno\u015b\u0107 naszych konsultant\u00f3w. Wieloletnia znajomo\u015b\u0107 bran\u017cy oraz bogate do\u015bwiadczenie pozwalaj\u0105 nam na idealne dopasowanie system\u00f3w informatycznych do potrzeb klienta. Nasi pracownicy &hellip;<\/p>\n","protected":false},"author":1,"featured_media":0,"parent":0,"menu_order":0,"comment_status":"closed","ping_status":"closed","template":"template-builder-page.php","meta":{"footnotes":""},"class_list":["post-327","page","type-page","status-publish","hentry"],"_links":{"self":[{"href":"http:\/\/mafsoft.pl\/index.php\/wp-json\/wp\/v2\/pages\/327"}],"collection":[{"href":"http:\/\/mafsoft.pl\/index.php\/wp-json\/wp\/v2\/pages"}],"about":[{"href":"http:\/\/mafsoft.pl\/index.php\/wp-json\/wp\/v2\/types\/page"}],"author":[{"embeddable":true,"href":"http:\/\/mafsoft.pl\/index.php\/wp-json\/wp\/v2\/users\/1"}],"replies":[{"embeddable":true,"href":"http:\/\/mafsoft.pl\/index.php\/wp-json\/wp\/v2\/comments?post=327"}],"version-history":[{"count":30,"href":"http:\/\/mafsoft.pl\/index.php\/wp-json\/wp\/v2\/pages\/327\/revisions"}],"predecessor-version":[{"id":3100,"href":"http:\/\/mafsoft.pl\/index.php\/wp-json\/wp\/v2\/pages\/327\/revisions\/3100"}],"wp:attachment":[{"href":"http:\/\/mafsoft.pl\/index.php\/wp-json\/wp\/v2\/media?parent=327"}],"curies":[{"name":"wp","href":"https:\/\/api.w.org\/{rel}","templated":true}]}}