{"id":2819,"date":"2017-05-09T11:03:54","date_gmt":"2017-05-09T09:03:54","guid":{"rendered":"http:\/\/projektymiastostrada.pl\/mafsoft\/?page_id=2819"},"modified":"2024-01-16T14:16:33","modified_gmt":"2024-01-16T13:16:33","slug":"zarzadzanie-firma","status":"publish","type":"page","link":"https:\/\/mafsoft.pl\/index.php\/oferta\/zarzadzanie-firma\/","title":{"rendered":"Zarz\u0105dzanie firm\u0105"},"content":{"rendered":"<div id=\"pl-2819\"  class=\"panel-layout\" ><div id=\"pg-2819-0\"  class=\"panel-grid panel-has-style\" ><div class=\"panel-row-style panel-row-style-for-2819-0\" ><div id=\"pgc-2819-0-0\"  class=\"panel-grid-cell\" ><div id=\"panel-2819-0-0-0\" class=\"so-panel widget widget_sow-image panel-first-child\" data-index=\"0\" ><div\n\t\t\t\n\t\t\tclass=\"so-widget-sow-image so-widget-sow-image-default-dbf295114b96-2819\"\n\t\t\t\n\t\t>\n\n<div class=\"sow-image-container\">\n\t\t<img loading=\"lazy\" decoding=\"async\" src=\"https:\/\/mafsoft.pl\/wp-content\/uploads\/2017\/05\/erp-optima.jpg\" width=\"318\" height=\"115\" srcset=\"https:\/\/mafsoft.pl\/wp-content\/uploads\/2017\/05\/erp-optima.jpg 318w, https:\/\/mafsoft.pl\/wp-content\/uploads\/2017\/05\/erp-optima-300x108.jpg 300w\" sizes=\"(max-width: 318px) 100vw, 318px\" alt=\"\" \t\tclass=\"so-widget-image\"\/>\n\t<\/div>\n\n<\/div><\/div><div id=\"panel-2819-0-0-1\" class=\"so-panel widget widget_sow-editor panel-last-child\" data-index=\"1\" ><div\n\t\t\t\n\t\t\tclass=\"so-widget-sow-editor so-widget-sow-editor-base\"\n\t\t\t\n\t\t>\n<div class=\"siteorigin-widget-tinymce textwidget\">\n\t<h4 style=\"text-align: justify;\"><span style=\"color: #008ad2;\"><strong>ERP Optima<\/strong><\/span><\/h4>\n<p style=\"text-align: justify;\">\u00a0<\/p>\n<p style=\"text-align: justify;\">Comarch ERP Optima to program stworzony z my\u015bl\u0105 o rynku ma\u0142ych i \u015brednich firm dzia\u0142aj\u0105cych w r\u00f3\u017cnych bran\u017cach. Zawiera kilkana\u015bcie zintegrowanych (pracuj\u0105cych na jednej bazie danych) aplikacji-modu\u0142\u00f3w obs\u0142uguj\u0105cych r\u00f3\u017cne obszary dzia\u0142alno\u015bci przedsi\u0119biorstwa.<\/p>\n<p style=\"text-align: justify;\">To potrzeba klienta decyduje o tym, jakie funkcjonalno\u015bci programu b\u0119dzie wykorzystywa\u0142 w swojej pracy. W ka\u017cdym momencie mo\u017cliwe jest rozszerzenie instalacji o kolejne aplikacje.<\/p>\n<\/div>\n<\/div><\/div><\/div><div id=\"pgc-2819-0-1\"  class=\"panel-grid-cell\" ><div id=\"panel-2819-0-1-0\" class=\"so-panel widget widget_sow-image panel-first-child\" data-index=\"2\" ><div\n\t\t\t\n\t\t\tclass=\"so-widget-sow-image so-widget-sow-image-default-dbf295114b96-2819\"\n\t\t\t\n\t\t>\n\n<div class=\"sow-image-container\">\n\t\t<img loading=\"lazy\" decoding=\"async\" src=\"https:\/\/mafsoft.pl\/wp-content\/uploads\/2017\/05\/impuls.jpg\" width=\"317\" height=\"115\" srcset=\"https:\/\/mafsoft.pl\/wp-content\/uploads\/2017\/05\/impuls.jpg 317w, https:\/\/mafsoft.pl\/wp-content\/uploads\/2017\/05\/impuls-300x109.jpg 300w\" sizes=\"(max-width: 317px) 100vw, 317px\" alt=\"\" \t\tclass=\"so-widget-image\"\/>\n\t<\/div>\n\n<\/div><\/div><div id=\"panel-2819-0-1-1\" class=\"so-panel widget widget_sow-editor panel-last-child\" data-index=\"3\" ><div\n\t\t\t\n\t\t\tclass=\"so-widget-sow-editor so-widget-sow-editor-base\"\n\t\t\t\n\t\t>\n<div class=\"siteorigin-widget-tinymce textwidget\">\n\t<h4 style=\"text-align: justify;\"><span style=\"color: #008ad2;\"><strong>IMPULS<\/strong><\/span><\/h4>\n<p style=\"text-align: justify;\">\u00a0<\/p>\n<p style=\"text-align: justify;\"><strong>Impuls EVO<\/strong> jest innowacyjnym podej\u015bciem do korzystania zintegrowanego systemu wspomagaj\u0105cego zarz\u0105dzanie wszystkimi procesami w \u015brednich i du\u017cych przedsi\u0119biorstwach. Umo\u017cliwia dowolne zestawianie funkcjonalno\u015bci systemu ERP w oparciu o obieg informacji, odzwierciedlaj\u0105c realizowane w przedsi\u0119biorstwie procesy biznesowe.<\/p>\n<p style=\"text-align: justify;\"><strong>Impuls 5<\/strong> nale\u017cy do najbardziej kompleksowych system\u00f3w klasy <strong>MRP II\/ERP<\/strong> na polskim rynku. Zawiera m.in. aplikacje wspomagaj\u0105ce zarz\u0105dzanie kapita\u0142em, personelem, produkcj\u0105, dystrybucj\u0105 i transportem, relacjami z klientami oraz obiegiem dokument\u00f3w. Posiada dedykowane wersje dla poszczeg\u00f3lnych bran\u017c gospodarki. Wed\u0142ug Biura DiS Impuls 5 to jedyny polski system zas\u0142uguj\u0105cy na miano ERP II.<\/p>\n<\/div>\n<\/div><\/div><\/div><div id=\"pgc-2819-0-2\"  class=\"panel-grid-cell\" ><div id=\"panel-2819-0-2-0\" class=\"so-panel widget widget_sow-image panel-first-child\" data-index=\"4\" ><div\n\t\t\t\n\t\t\tclass=\"so-widget-sow-image so-widget-sow-image-default-dbf295114b96-2819\"\n\t\t\t\n\t\t>\n\n<div class=\"sow-image-container\">\n\t\t<img loading=\"lazy\" decoding=\"async\" src=\"https:\/\/mafsoft.pl\/wp-content\/uploads\/2017\/05\/pcmarket.jpg\" width=\"317\" height=\"115\" srcset=\"https:\/\/mafsoft.pl\/wp-content\/uploads\/2017\/05\/pcmarket.jpg 317w, https:\/\/mafsoft.pl\/wp-content\/uploads\/2017\/05\/pcmarket-300x109.jpg 300w\" sizes=\"(max-width: 317px) 100vw, 317px\" alt=\"\" \t\tclass=\"so-widget-image\"\/>\n\t<\/div>\n\n<\/div><\/div><div id=\"panel-2819-0-2-1\" class=\"so-panel widget widget_sow-editor panel-last-child\" data-index=\"5\" ><div\n\t\t\t\n\t\t\tclass=\"so-widget-sow-editor so-widget-sow-editor-base\"\n\t\t\t\n\t\t>\n<div class=\"siteorigin-widget-tinymce textwidget\">\n\t<h4 style=\"text-align: justify;\"><span style=\"color: #008ad2;\"><strong>PCMarket<\/strong><\/span><\/h4>\n<p style=\"text-align: justify;\">\u00a0<\/p>\n<p style=\"text-align: justify;\">PC-Market 7 jest programem przeznaczonym do zarz\u0105dzania sklepem, supermarketem, hurtowni\u0105 oraz sieci\u0105 sklep\u00f3w. Program jest przejrzysty i prosty w obs\u0142udze, w intuicyjny spos\u00f3b pozwala zarz\u0105dza\u0107 asortymentem towarowym oraz wykazem kontrahent\u00f3w. Posiada bardzo bogaty modu\u0142 analiz i raport\u00f3w. Wsp\u00f3\u0142pracuje z wi\u0119kszo\u015bci\u0105 dost\u0119pnych na rynku kas, drukarek fiskalnych, a tak\u017ce wszelkiego rodzaju sprz\u0119tu jaki mo\u017cna spotka\u0107 w plac\u00f3wkach handlowych (wagi etykietuj\u0105ce, weryfikatory cen, kolektory danych, drukarki). W po\u0142\u0105czeniu z modu\u0142em centralnym, Konsol\u0105 Kupca, umo\u017cliwia sprawne zarz\u0105dzanie sieci\u0105 sklep\u00f3w. W\u015br\u00f3d ponad 3 tysi\u0119cy u\u017cytkownik\u00f3w PC-Market s\u0105 pojedyncze plac\u00f3wki handlowe, ma\u0142e sieci sklep\u00f3w obs\u0142ugiwane zdalnie z centrali oraz wi\u0119ksze sieci sklep\u00f3w niezale\u017cnych z centralnym zarz\u0105dzaniem za pomoc\u0105 Konsoli Kupca. PC-Market 7 to po\u0142\u0105czenie nowoczesnej technologii oraz kilkunastu lat do\u015bwiadczenia i ci\u0105g\u0142ego doskonalenia produktu zgodnie z potrzebami w\u0142a\u015bcicieli sklep\u00f3w.<\/p>\n<\/div>\n<\/div><\/div><\/div><\/div><\/div><\/div>","protected":false},"excerpt":{"rendered":"<p>ERP Optima\u00a0Comarch ERP Optima to program stworzony z my\u015bl\u0105 o rynku ma\u0142ych i \u015brednich firm dzia\u0142aj\u0105cych w r\u00f3\u017cnych bran\u017cach. Zawiera kilkana\u015bcie zintegrowanych (pracuj\u0105cych na jednej bazie danych) aplikacji-modu\u0142\u00f3w obs\u0142uguj\u0105cych r\u00f3\u017cne obszary dzia\u0142alno\u015bci przedsi\u0119biorstwa.To potrzeba klienta decyduje o tym, jakie funkcjonalno\u015bci programu b\u0119dzie wykorzystywa\u0142 w swojej pracy. W ka\u017cdym momencie mo\u017cliwe jest rozszerzenie instalacji o kolejne &hellip;<\/p>\n","protected":false},"author":1,"featured_media":0,"parent":329,"menu_order":0,"comment_status":"closed","ping_status":"closed","template":"template-builder-page.php","meta":{"footnotes":""},"class_list":["post-2819","page","type-page","status-publish","hentry"],"_links":{"self":[{"href":"https:\/\/mafsoft.pl\/index.php\/wp-json\/wp\/v2\/pages\/2819"}],"collection":[{"href":"https:\/\/mafsoft.pl\/index.php\/wp-json\/wp\/v2\/pages"}],"about":[{"href":"https:\/\/mafsoft.pl\/index.php\/wp-json\/wp\/v2\/types\/page"}],"author":[{"embeddable":true,"href":"https:\/\/mafsoft.pl\/index.php\/wp-json\/wp\/v2\/users\/1"}],"replies":[{"embeddable":true,"href":"https:\/\/mafsoft.pl\/index.php\/wp-json\/wp\/v2\/comments?post=2819"}],"version-history":[{"count":32,"href":"https:\/\/mafsoft.pl\/index.php\/wp-json\/wp\/v2\/pages\/2819\/revisions"}],"predecessor-version":[{"id":2934,"href":"https:\/\/mafsoft.pl\/index.php\/wp-json\/wp\/v2\/pages\/2819\/revisions\/2934"}],"up":[{"embeddable":true,"href":"https:\/\/mafsoft.pl\/index.php\/wp-json\/wp\/v2\/pages\/329"}],"wp:attachment":[{"href":"https:\/\/mafsoft.pl\/index.php\/wp-json\/wp\/v2\/media?parent=2819"}],"curies":[{"name":"wp","href":"https:\/\/api.w.org\/{rel}","templated":true}]}}