{"id":340,"date":"2017-04-28T14:36:24","date_gmt":"2017-04-28T12:36:24","guid":{"rendered":"http:\/\/projektymiastostrada.pl\/mafsoft\/?page_id=340"},"modified":"2017-05-25T15:14:43","modified_gmt":"2017-05-25T13:14:43","slug":"strona-glowna","status":"publish","type":"page","link":"https:\/\/mafsoft.pl\/","title":{"rendered":"Strona g\u0142\u00f3wna"},"content":{"rendered":"<div id=\"pl-340\"  class=\"panel-layout\" ><div id=\"pg-340-0\"  class=\"panel-grid panel-has-style\" ><div class=\"panel-row-style panel-row-style-for-340-0\" ><div id=\"pgc-340-0-0\"  class=\"panel-grid-cell\" ><div id=\"panel-340-0-0-0\" class=\"so-panel widget widget_sow-editor panel-first-child\" data-index=\"0\" ><div\n\t\t\t\n\t\t\tclass=\"so-widget-sow-editor so-widget-sow-editor-base\"\n\t\t\t\n\t\t><h3 class=\"widget-title\">NASZA OFERTA<\/h3>\n<div class=\"siteorigin-widget-tinymce textwidget\">\n\t<\/div>\n<\/div><\/div><div id=\"panel-340-0-0-1\" class=\"so-panel widget widget_siteorigin-panels-builder panel-last-child\" data-index=\"1\" ><div id=\"pl-w5926d8c38c7c1\"  class=\"panel-layout\" ><div id=\"pg-w5926d8c38c7c1-0\"  class=\"panel-grid panel-no-style\" ><div id=\"pgc-w5926d8c38c7c1-0-0\"  class=\"panel-grid-cell\" ><div id=\"panel-w5926d8c38c7c1-0-0-0\" class=\"so-panel widget widget_sow-image panel-first-child panel-last-child\" data-index=\"0\" ><div\n\t\t\t\n\t\t\tclass=\"so-widget-sow-image so-widget-sow-image-default-a258e6bfa2d8\"\n\t\t\t\n\t\t>\n\n<div class=\"sow-image-container\">\n\t\t<img loading=\"lazy\" decoding=\"async\" src=\"https:\/\/mafsoft.pl\/wp-content\/uploads\/2017\/04\/nasza-oferta-small.jpg\" width=\"294\" height=\"214\" sizes=\"(max-width: 294px) 100vw, 294px\" alt=\"\" \t\tclass=\"so-widget-image\"\/>\n\t<\/div>\n\n<\/div><\/div><\/div><div id=\"pgc-w5926d8c38c7c1-0-1\"  class=\"panel-grid-cell\" ><div id=\"panel-w5926d8c38c7c1-0-1-0\" class=\"so-panel widget widget_sow-editor panel-first-child panel-last-child\" data-index=\"1\" ><div\n\t\t\t\n\t\t\tclass=\"so-widget-sow-editor so-widget-sow-editor-base\"\n\t\t\t\n\t\t>\n<div class=\"siteorigin-widget-tinymce textwidget\">\n\t<ul>\n<li><span style=\"color: #58595b;\"><a style=\"color: #58595b;\" href=\"http:\/\/mafsoft.pl\/index.php\/oferta\/zarzadzanie-firma\/\">Zarz\u0105dzanie Firm\u0105<\/a><\/span><\/li>\n<li><span style=\"color: #58595b;\"><a style=\"color: #58595b;\" href=\"http:\/\/mafsoft.pl\/index.php\/oferta\/gastronomia-i-hotele\/\">Gastronomia I Hotele<\/a><\/span><\/li>\n<li><span style=\"color: #58595b;\"><a style=\"color: #58595b;\" href=\"http:\/\/mafsoft.pl\/index.php\/oferta\/sprzet-i-urzadzenia-fiskalne\/\">Sprz\u0119t I Urz\u0105dzenia Fiskalne<\/a><\/span><\/li>\n<li><span style=\"color: #58595b;\"><a style=\"color: #58595b;\" href=\"http:\/\/mafsoft.pl\/index.php\/oferta\/bezpieczenstwo-firmy\/\">Bezpiecze\u0144stwo Firmy<\/a><\/span><\/li>\n<li><span style=\"color: #58595b;\"><a style=\"color: #58595b;\" href=\"http:\/\/mafsoft.pl\/index.php\/oferta\/uslugi\/\">Us\u0142ugi<\/a><\/span><\/li>\n<\/ul>\n<\/div>\n<\/div><\/div><\/div><\/div><\/div><\/div><\/div><div id=\"pgc-340-0-1\"  class=\"panel-grid-cell\" ><div id=\"panel-340-0-1-0\" class=\"so-panel widget widget_sow-editor panel-first-child\" data-index=\"2\" ><div\n\t\t\t\n\t\t\tclass=\"so-widget-sow-editor so-widget-sow-editor-base\"\n\t\t\t\n\t\t><h3 class=\"widget-title\">O NAS<\/h3>\n<div class=\"siteorigin-widget-tinymce textwidget\">\n\t<\/div>\n<\/div><\/div><div id=\"panel-340-0-1-1\" class=\"so-panel widget widget_siteorigin-panels-builder panel-last-child\" data-index=\"3\" ><div id=\"pl-w5926d361992b3\"  class=\"panel-layout\" ><div id=\"pg-w5926d361992b3-0\"  class=\"panel-grid panel-no-style\" ><div id=\"pgc-w5926d361992b3-0-0\"  class=\"panel-grid-cell\" ><div id=\"panel-w5926d361992b3-0-0-0\" class=\"so-panel widget widget_sow-image panel-first-child panel-last-child\" data-index=\"0\" ><div class=\"panel-widget-style panel-widget-style-for-w5926d361992b3-0-0-0\" ><div\n\t\t\t\n\t\t\tclass=\"so-widget-sow-image so-widget-sow-image-default-a258e6bfa2d8\"\n\t\t\t\n\t\t>\n\n<div class=\"sow-image-container\">\n\t\t<img loading=\"lazy\" decoding=\"async\" src=\"https:\/\/mafsoft.pl\/wp-content\/uploads\/2017\/04\/o-nas-small.jpg\" width=\"294\" height=\"214\" sizes=\"(max-width: 294px) 100vw, 294px\" alt=\"\" \t\tclass=\"so-widget-image\"\/>\n\t<\/div>\n\n<\/div><\/div><\/div><\/div><div id=\"pgc-w5926d361992b3-0-1\"  class=\"panel-grid-cell\" ><div id=\"panel-w5926d361992b3-0-1-0\" class=\"so-panel widget widget_sow-editor panel-first-child panel-last-child\" data-index=\"1\" ><div\n\t\t\t\n\t\t\tclass=\"so-widget-sow-editor so-widget-sow-editor-base\"\n\t\t\t\n\t\t>\n<div class=\"siteorigin-widget-tinymce textwidget\">\n\t<p>Firma MAFSOFT dzia\u0142a w sektorze IT od 2005 roku. Jest odpowiedzi\u0105 na rosn\u0105ce zapotrzebowanie profesjonalnych us\u0142ug informatycznych w przyst\u0119pnych cenach. Atutem naszej firmy jest pe\u0142en profesjonalizm w realizacji projekt\u00f3w informatycznych, jak r\u00f3wnie\u017c ...<\/p>\n<p><strong><span style=\"color: #008ad2;\"><a style=\"color: #008ad2;\" href=\"http:\/\/mafsoft.pl\/index.php\/o-firmie\/\">WI\u0118CEJ &gt;<\/a><\/span><\/strong><\/p>\n<\/div>\n<\/div><\/div><\/div><\/div><\/div><\/div><\/div><\/div><\/div><\/div>","protected":false},"excerpt":{"rendered":"<p>NASZA OFERTA Zarz\u0105dzanie Firm\u0105 Gastronomia I Hotele Sprz\u0119t I Urz\u0105dzenia Fiskalne Bezpiecze\u0144stwo Firmy Us\u0142ugi O NAS Firma MAFSOFT dzia\u0142a w sektorze IT od 2005 roku. Jest odpowiedzi\u0105 na rosn\u0105ce zapotrzebowanie profesjonalnych us\u0142ug informatycznych w przyst\u0119pnych cenach. Atutem naszej firmy jest pe\u0142en profesjonalizm w realizacji projekt\u00f3w informatycznych, jak r\u00f3wnie\u017c &#8230; WI\u0118CEJ &gt;<\/p>\n","protected":false},"author":1,"featured_media":0,"parent":0,"menu_order":0,"comment_status":"closed","ping_status":"closed","template":"template-front-page-slider-alt.php","meta":{"footnotes":""},"class_list":["post-340","page","type-page","status-publish","hentry"],"_links":{"self":[{"href":"https:\/\/mafsoft.pl\/index.php\/wp-json\/wp\/v2\/pages\/340"}],"collection":[{"href":"https:\/\/mafsoft.pl\/index.php\/wp-json\/wp\/v2\/pages"}],"about":[{"href":"https:\/\/mafsoft.pl\/index.php\/wp-json\/wp\/v2\/types\/page"}],"author":[{"embeddable":true,"href":"https:\/\/mafsoft.pl\/index.php\/wp-json\/wp\/v2\/users\/1"}],"replies":[{"embeddable":true,"href":"https:\/\/mafsoft.pl\/index.php\/wp-json\/wp\/v2\/comments?post=340"}],"version-history":[{"count":121,"href":"https:\/\/mafsoft.pl\/index.php\/wp-json\/wp\/v2\/pages\/340\/revisions"}],"predecessor-version":[{"id":3116,"href":"https:\/\/mafsoft.pl\/index.php\/wp-json\/wp\/v2\/pages\/340\/revisions\/3116"}],"wp:attachment":[{"href":"https:\/\/mafsoft.pl\/index.php\/wp-json\/wp\/v2\/media?parent=340"}],"curies":[{"name":"wp","href":"https:\/\/api.w.org\/{rel}","templated":true}]}}